{"id":7021,"date":"2026-01-11T23:13:50","date_gmt":"2026-01-11T23:13:50","guid":{"rendered":"https:\/\/www.freshlabel.nl\/mtl\/?page_id=7021"},"modified":"2026-02-17T07:50:35","modified_gmt":"2026-02-17T07:50:35","slug":"home-copy","status":"publish","type":"page","link":"https:\/\/metalink.nl\/de\/","title":{"rendered":"Zuhause Kopieren"},"content":{"rendered":"<div class=\"wpb-content-wrapper\"><section id=\"ut-section-69e902f17f534\" data-section-title=\"Note: You will find the other content inside the CONTENT BLOCKS\" data-vc-full-width=\"true\" data-vc-full-width-init=\"false\" data-cursor-skin=\"global\" class=\"vc_section ut-vc-120 vc_section-has-no-fill ut-section-69e902f17f544 ut-section-with-linking\"><a id=\"section-clients\" data-id=\"section-clients\" class=\"ut-vc-offset-anchor-top\" name=\"section-clients\">Kunden<\/a><div id=\"ut-row-69e902f17fa29\" data-vc-full-width=\"true\" data-vc-full-width-init=\"false\" class=\"vc_row wpb_row vc_row-fluid vc_column-gap-0 ut-animate-element animated ut-no-animation-tablet ut-no-animation-mobile ut-row-69e902f17fb7a\" data-effect=\"fadeIn\" data-animateonce=\"yes\" data-delay=\"200\" data-animation-duration=\"1.5s\"><div class=\"wpb_column vc_column_container vc_col-sm-12 vc_col-lg-offset-2 vc_col-lg-8\" ><div id=\"ut_inner_column_69e902f17ff40\" class=\"vc_column-inner\" ><div class=\"wpb_wrapper\"><div class=\"wpb_content_element  vc_custom_1771249967912\"><style type=\"text\/css\">#ut_header_69e902f180422 h2.section-title, #ut_header_69e902f180422 h2.section-title span { color:#5f4664; }#ut_header_69e902f180422 h2.section-title{ font-family: \"Manrope\";font-weight:300;font-style:normal; }#ut_header_69e902f180422 h2.section-title { font-size:50px !important;line-height:60px !important;letter-spacing:-0.03em; }<\/style><header id=\"ut_header_69e902f180422\" class=\"section-header  ut-no-title-linebreak-mobile ut-no-title-linebreak-tablet ut-no-lead-linebreak-mobile ut-no-lead-linebreak-tablet pt-style-7 header-center header-tablet-center header-mobile-center element-with-custom-line-height\"><div class=\"element-with-custom-line-height\" ><h2 data-title=\"Wij zijn MetaLink\"  data-responsive-font=\"section_title\" data-responsive-font-settings=\"{&quot;base-font-size&quot;:&quot;global&quot;,&quot;font-size&quot;:{&quot;desktop_large&quot;:&quot;50&quot;},&quot;base-line-height&quot;:&quot;global&quot;,&quot;line-height&quot;:{&quot;desktop_large&quot;:&quot;60&quot;},&quot;base-letter-spacing&quot;:&quot;global&quot;,&quot;letter-spacing&quot;:{&quot;desktop_large&quot;:&quot;-0.03&quot;}}\" class=\"section-title\"><span>Wir sind MetaLink<\/span><\/h2><\/div><div data-delay=\"0\" class=\"lead\"><p>Der Komfort eines Partners. Die St\u00e4rke vieler Spezialgebiete.<\/p>\n<\/div><\/header><\/div>\r\n<style type=\"text\/css\">\r\n\r\n    \r\n    #ut-empty-space-69e902f184497 {\r\n        height: 40px    }\r\n\r\n    \r\n    \r\n    @media (min-width: 768px) and (max-width: 1200px) {\r\n        #ut-empty-space-69e902f184497 {\r\n        display: none;\r\n    }\r\n    }\r\n\r\n    \r\n    \r\n    @media (max-width: 767px) {\r\n        #ut-empty-space-69e902f184497 {\r\n        display: none;\r\n    }\r\n    }\r\n\r\n    \r\n<\/style>\r\n\r\n<div class=\"vc_empty_space\" id=\"ut-empty-space-69e902f184497\"><span class=\"vc_empty_space_inner\"><\/span><\/div><\/div><\/div><\/div><\/div><div class=\"vc_row-full-width vc_clearfix\"><\/div><div id=\"ut-row-69e902f184997\" data-vc-full-width=\"true\" data-vc-full-width-init=\"false\" class=\"vc_row wpb_row vc_row-fluid vc_column-gap-30 ut-row-69e902f18499f\" ><div class=\"wpb_column vc_column_container vc_col-sm-6 ut-animate-element animated ut-no-animation-tablet ut-no-animation-mobile\" data-effect=\"fadeIn\" data-animateonce=\"yes\" data-delay=\"250\" data-animation-duration=\"1s\"><div id=\"ut_inner_column_69e902f184e0d\" class=\"vc_column-inner\" ><div class=\"wpb_wrapper\">\r\n\t<div class=\"wpb_text_column wpb_content_element\" >\r\n\t\t<div class=\"wpb_wrapper\">\r\n\t\t\t<p>MetaLink bildet eine schlagkr\u00e4ftige Gruppe spezialisierter Metallverarbeitungsunternehmen in den Niederlanden. Innerhalb dieser Gruppe bieten wir ein komplettes Paket an Metallbearbeitungstechniken: von CNC-Drehen und -Fr\u00e4sen bis hin zu Schleifen, Honen und Beschichten. Da alle Spezialisierungen unter MetaLink vereint sind, machen wir es unseren Kunden leicht, komplexe Fragestellungen bei einem zuverl\u00e4ssigen Partner unterzubringen. Dank unseres integrierten Ansatzes k\u00f6nnen wir flexibel auf unterschiedliche technische Anforderungen reagieren, von Einzelst\u00fccken bis hin zu Serien, mit einem st\u00e4ndigen Fokus auf Qualit\u00e4t und Genauigkeit.<\/p>\n<p>Unsere Unternehmen haben jeweils ihre eigene Expertise, arbeiten aber als eine Einheit mit derselben Mission: die nachhaltige Produktion hochwertiger Komponenten f\u00fcr eine zukunftssichere Fertigungsindustrie in den Niederlanden und Europa.<\/p>\n<p>Bei MetaLink dreht sich alles um Zusammenarbeit innerhalb einer Gruppe. Zwischen unseren Unternehmen, zwischen Fachleuten und zwischen Idee und Ausf\u00fchrung. So schaffen wir eine perfekt abgestimmte Produktionskette, in der alle Spezialgebiete nahtlos aufeinander abgestimmt sind.<\/p>\n\r\n\t\t<\/div>\r\n\t<\/div>\r\n<\/div><\/div><\/div><div class=\"white-font wpb_column vc_column_container vc_col-sm-6 vc_col-has-fill ut-animate-element animated ut-no-animation-tablet ut-no-animation-mobile\" data-effect=\"fadeIn\" data-animateonce=\"yes\" data-delay=\"500\" data-animation-duration=\"1s\"><div id=\"ut_inner_column_69e902f184fd9\" class=\"vc_column-inner\" ><div class=\"wpb_wrapper\"><div id=\"JipStrik\" class=\"vc_row wpb_row vc_inner vc_row-fluid vc_column-gap-1 vc_row-o-content-middle vc_row-flex ut-row-inner-69e902f18539c\" ><div  class=\"wpb_column vc_column_container vc_col-sm-6\"><div id=\"ut-column-inner-69e902f185643\" class=\"vc_column-inner vc_column-inner-nested\"><div class=\"wpb_wrapper\"><div class=\"wpb_content_element  vc_custom_1764009923376\"><style type=\"text\/css\">#ut_header_69e902f185b3f h2.section-title, #ut_header_69e902f185b3f h2.section-title span { color:#ffffff; }#ut_header_69e902f185b3f h2.section-title{ font-family: \"Manrope\";font-weight:300;font-style:normal; }#ut_header_69e902f185b3f h2.section-title { font-size:24px !important;line-height:28px !important;letter-spacing:-0.03em; }<\/style><header id=\"ut_header_69e902f185b3f\" class=\"section-header  ut-no-title-linebreak-mobile ut-no-title-linebreak-tablet ut-no-lead-linebreak-mobile ut-no-lead-linebreak-tablet pt-style-7 header-left header-tablet-left header-mobile-center element-with-custom-line-height\"><div class=\"element-with-custom-line-height\" ><h2 data-title=\"Maak kennis met&#13;&#10;Jip Strik, Head of Sales\"  data-responsive-font=\"section_title\" data-responsive-font-settings=\"{&quot;base-font-size&quot;:&quot;24&quot;,&quot;font-size-unit&quot;:&quot;px&quot;,&quot;font-size&quot;:{&quot;desktop_large&quot;:&quot;24&quot;},&quot;base-line-height&quot;:&quot;28&quot;,&quot;line-height-unit&quot;:&quot;px&quot;,&quot;line-height&quot;:{&quot;desktop_large&quot;:&quot;28&quot;},&quot;base-letter-spacing&quot;:&quot;global&quot;,&quot;letter-spacing&quot;:{&quot;desktop_large&quot;:&quot;-0.03&quot;}}\" class=\"section-title title-with-linebreak\"><span>Machen Sie Bekanntschaft mit<br \/>\n<b>Jip Strik, Leiter Vertrieb<\/b><\/span><\/h2><\/div><\/header><\/div>\r\n<style type=\"text\/css\">\r\n\r\n    \r\n    #ut-empty-space-69e902f186205 {\r\n        height: 20px    }\r\n\r\n    \r\n        @media (min-width: 768px) and (max-width: 1200px) {\r\n        #ut-empty-space-69e902f186205 {\r\n        height: 20px;\r\n        display: block;\r\n    }\r\n    }\r\n    \r\n    \r\n    @media (max-width: 767px) {\r\n        #ut-empty-space-69e902f186205 {\r\n        height: 20px;\r\n        display: block;\r\n    }\r\n    }\r\n\r\n    \r\n<\/style>\r\n\r\n<div class=\"vc_empty_space\" id=\"ut-empty-space-69e902f186205\"><span class=\"vc_empty_space_inner\"><\/span><\/div>\r\n\t<div class=\"wpb_text_column wpb_content_element\" >\r\n\t\t<div class=\"wpb_wrapper\">\r\n\t\t\t<p>Jip verbindet Kunden mit den richtigen Spezialisten innerhalb unserer Gruppe und stellt sicher, dass jedes Projekt von Anfang bis Ende stimmt. Kontaktieren Sie uns unverbindlich f\u00fcr weitere Informationen.<\/p>\n\r\n\t\t<\/div>\r\n\t<\/div>\r\n<style type=\"text\/css\">#bklyn_btn_69e902f1862a4 .bklyn-btn { color:#000000 !important; background-color:#ffffff !important; }#bklyn_btn_69e902f1862a4 a.bklyn-btn { font-weight:400 !important; }#bklyn_btn_69e902f1862a4.bklyn-btn-header a.bklyn-btn { font-weight:400 !important; }#bklyn_btn_69e902f1862a4.bklyn-btn-header a.bklyn-btn span { font-weight:400 !important; }#bklyn_btn_69e902f1862a4 a.bklyn-btn { font-family:inherit !important; }#bklyn_btn_69e902f1862a4 a.bklyn-btn { text-transform:none !important; }<\/style><div id=\"bklyn_btn_69e902f1862a4\" class=\"bklyn-btn-holder  bklyn-btn-left bklyn-btn-tablet-left bklyn-btn-mobile-center\"><a title=\"\"   href=\"mailto:%20jip.strik@metalink.nl\" target=\"_self\" class=\"bklyn-btn  bklyn-btn-small\" ><span class=\"ut-btn-text\">Sende eine E-Mail<\/span><\/a><\/div><\/div><\/div><style type=\"text\/css\">#ut-column-inner-69e902f185643{margin-bottom: 0px !important;border-bottom-width: 0px !important;padding-bottom: 0px !important;}<\/style><\/div><div  class=\"wpb_column vc_column_container vc_col-sm-6\"><div id=\"ut-column-inner-69e902f1863c4\" class=\"vc_column-inner vc_column-inner-nested\"><div class=\"wpb_wrapper\"><div  class=\"wpb_content_element   clearfix\"><style type=\"text\/css\">#ut_am_69e902f18687f { opacity: 1; }#ut_am_wrap_69e902f186881 .ut-image-gallery-item-caption-title h3 { letter-spacing: 0em; }#ut_am_wrap_69e902f186881 .ut-gallery-slider-caption { font-weight: bold; }#ut_am_wrap_69e902f186881 { text-align: left; }@media (min-width: 768px) and (max-width: 1024px) { #ut_am_wrap_69e902f186881 { text-align: left !important; } }@media (max-width: 767px) { #ut_am_wrap_69e902f186881 { text-align: center !important; } }<\/style><div id=\"ut_am_wrap_69e902f186881\" class=\"ut-image-gallery-image\"><div id=\"ut_reveal_69e902f186882\"  data-appear-top-offset=\"auto\" class=\"ut-animated-image-item ut-image-gallery-item ut-animation-done\"><a class=\"ut-deactivated-link\" href=\"#\"><div class=\"ut-animated-image-zoom\"><img loading=\"lazy\" decoding=\"async\" class=\"ut-lazy skip-lazy ut-animated-image\"  id=\"ut_am_69e902f18687f\" src=\"data:image\/svg+xml;charset=utf-8,%3Csvg xmlns%3D'http%3A%2F%2Fwww.w3.org%2F2000%2Fsvg' viewBox%3D'0 0 1536 2048'%2F%3E\" data-src=\"https:\/\/metalink.nl\/wp-content\/uploads\/2025\/11\/Jip-Strik-1.png\" width=\"1536\" height=\"2048\" alt=\"\"\/><\/div><\/a><\/div><\/div><\/div><\/div><\/div><style type=\"text\/css\">#ut-column-inner-69e902f1863c4{padding-right: 0px !important;padding-bottom: 0px !important;}<\/style><\/div><style type=\"text\/css\">#JipStrik{margin-bottom: 0px !important;border-bottom-width: 0px !important;padding-right: 0px !important;padding-bottom: 0px !important;}<\/style><\/div><\/div><\/div><style type=\"text\/css\">#ut_inner_column_69e902f184fd9{background-color: #5f4664 !important;}<\/style><\/div><\/div><div class=\"vc_row-full-width vc_clearfix\"><\/div><a data-id=\"section-clients\" class=\"ut-vc-offset-anchor-bottom\" name=\"section-clients\">Kunden<\/a><\/section><div class=\"vc_row-full-width vc_clearfix\"><\/div><div id=\"ut-row-69e902f186f6a\" data-vc-full-width=\"true\" data-vc-full-width-init=\"false\" class=\"vc_row wpb_row vc_row-fluid vc_column-gap-0 ut-row-69e902f186f72\" ><div class=\"wpb_column vc_column_container vc_col-sm-12\" ><div id=\"ut_inner_column_69e902f1872ea\" class=\"vc_column-inner\" ><div class=\"wpb_wrapper\">\r\n\t<div class=\"wpb_text_column wpb_content_element\" >\r\n\t\t<div class=\"wpb_wrapper\">\r\n\t\t\t\r\n\t\t<\/div>\r\n\t<\/div>\r\n<\/div><\/div><\/div><\/div><div class=\"vc_row-full-width vc_clearfix\"><\/div>\n<\/div>","protected":false},"excerpt":{"rendered":"ClientsWij zijn MetaLinkHet gemak van \u00e9\u00e9n partner. De kracht van vele specialismen. MetaLink vormt een krachtige groep gespecialiseerde metaalbewerkingsbedrijven in Nederland. Binnen deze groep bieden wij \u00e9\u00e9n compleet pakket aan metaalbewerkingstechnieken: van CNC draaien en frezen tot slijpen, honen en coating. Doordat alle specialismen binnen MetaLink zijn verenigd, maken we het voor onze klanten eenvoudig [...]","protected":false},"author":3,"featured_media":0,"parent":0,"menu_order":0,"comment_status":"closed","ping_status":"closed","template":"","meta":{"_coblocks_attr":"","_coblocks_dimensions":"","_coblocks_responsive_height":"","_coblocks_accordion_ie_support":"","footnotes":""},"class_list":["post-7021","page","type-page","status-publish","hentry"],"_links":{"self":[{"href":"https:\/\/metalink.nl\/de\/wp-json\/wp\/v2\/pages\/7021","targetHints":{"allow":["GET"]}}],"collection":[{"href":"https:\/\/metalink.nl\/de\/wp-json\/wp\/v2\/pages"}],"about":[{"href":"https:\/\/metalink.nl\/de\/wp-json\/wp\/v2\/types\/page"}],"author":[{"embeddable":true,"href":"https:\/\/metalink.nl\/de\/wp-json\/wp\/v2\/users\/3"}],"replies":[{"embeddable":true,"href":"https:\/\/metalink.nl\/de\/wp-json\/wp\/v2\/comments?post=7021"}],"version-history":[{"count":9,"href":"https:\/\/metalink.nl\/de\/wp-json\/wp\/v2\/pages\/7021\/revisions"}],"predecessor-version":[{"id":7200,"href":"https:\/\/metalink.nl\/de\/wp-json\/wp\/v2\/pages\/7021\/revisions\/7200"}],"wp:attachment":[{"href":"https:\/\/metalink.nl\/de\/wp-json\/wp\/v2\/media?parent=7021"}],"curies":[{"name":"Welt","href":"https:\/\/api.w.org\/{rel}","templated":true}]}}